{"id":255,"date":"2025-03-09T04:22:04","date_gmt":"2025-03-09T04:22:04","guid":{"rendered":"https:\/\/a2biscuits.ca\/?page_id=255"},"modified":"2025-04-08T01:46:46","modified_gmt":"2025-04-08T01:46:46","slug":"histoire","status":"publish","type":"page","link":"https:\/\/a2biscuits.ca\/en\/histoire\/","title":{"rendered":"Histoire"},"content":{"rendered":"<div data-elementor-type=\"wp-page\" data-elementor-id=\"255\" class=\"elementor elementor-255\" data-elementor-post-type=\"page\">\n\t\t\t\t<div class=\"elementor-element elementor-element-063087e e-grid e-con-boxed e-con e-parent\" data-id=\"063087e\" data-element_type=\"container\">\n\t\t\t\t\t<div class=\"e-con-inner\">\n\t\t\t\t<div class=\"elementor-element elementor-element-01e3f1b elementor-widget elementor-widget-image\" data-id=\"01e3f1b\" data-element_type=\"widget\" data-widget_type=\"image.default\">\n\t\t\t\t<div class=\"elementor-widget-container\">\n\t\t\t\t\t\t\t\t\t\t\t\t\t\t\t<img fetchpriority=\"high\" decoding=\"async\" width=\"400\" height=\"600\" src=\"https:\/\/a2biscuits.ca\/wp-content\/uploads\/2025\/03\/aleksya.jpg\" class=\"elementor-animation-buzz-out attachment-large size-large wp-image-96\" alt=\"\" srcset=\"https:\/\/a2biscuits.ca\/wp-content\/uploads\/2025\/03\/aleksya.jpg 400w, https:\/\/a2biscuits.ca\/wp-content\/uploads\/2025\/03\/aleksya-300x450.jpg 300w, https:\/\/a2biscuits.ca\/wp-content\/uploads\/2025\/03\/aleksya-200x300.jpg 200w\" sizes=\"(max-width: 400px) 100vw, 400px\" \/>\t\t\t\t\t\t\t\t\t\t\t\t\t\t\t<\/div>\n\t\t\t\t<\/div>\n\t\t\t\t<div class=\"elementor-element elementor-element-9f96112 elementor-widget elementor-widget-text-editor\" data-id=\"9f96112\" data-element_type=\"widget\" data-widget_type=\"text-editor.default\">\n\t\t\t\t<div class=\"elementor-widget-container\">\n\t\t\t\t\t\t\t\t\t<h3 class=\"elementToProof\">Aleksya's story\u00a0<\/h3><div class=\"elementToProof\">It all started for me, Aleksya, when I had a defining moment during a biology assignment that didn\u2019t go as planned in 9th grade. After receiving a disappointing grade, I decided not to let it get me down. Instead of dwelling on the grade, I wrote to my teacher to understand where I\u2019d gone wrong. His kind response opened the door to a valuable lesson\u2014and a wonderful opportunity.<\/div><div>\u00a0<\/div><div class=\"elementToProof\">When we met, I had prepared some questions, but I also brought homemade cookies made using my grandmother\u2019s secret recipe. My teacher\u2019s enthusiastic reaction to these sweet treats was the turning point: I realized I could turn my passion for baking into a real business.<\/div><div class=\"elementToProof\">\u00a0<\/div><div><div class=\"elementToProof\">To wrap up this story on a sweet note, I should mention that in the end, I earned a final grade of 94% in biology. A sweet victory that speaks to the power of resilience and perseverance.<\/div><\/div>\t\t\t\t\t\t\t\t<\/div>\n\t\t\t\t<\/div>\n\t\t\t\t<div class=\"elementor-element elementor-element-7811282 elementor-widget elementor-widget-text-editor\" data-id=\"7811282\" data-element_type=\"widget\" data-widget_type=\"text-editor.default\">\n\t\t\t\t<div class=\"elementor-widget-container\">\n\t\t\t\t\t\t\t\t\t<h3 class=\"elementToProof\">Anne Lys's story<\/h3><div>My name is Anne Lys, and my passion for baking stems from my childhood memories, shaped by my mother, a true culinary expert who always brought a touch of magic to the kitchen. She ran a catering business that was well-known in our community, and every event was an opportunity to discover her delicious creations. I grew up watching her prepare cakes and cookies with extraordinary care, and I quickly realized that this passion was contagious.<\/div><div><div class=\"elementToProof\">\u00a0<\/div><div class=\"elementToProof\">I remember the afternoons I spent with her, mixing ingredients and letting our creativity run wild. Of all her recipes, my favorites were undoubtedly her chocolate chip cookies. I made them not only for my friends, but also for my mother\u2019s coworkers, who eagerly awaited each new batch.<\/div><div class=\"elementToProof\">\u00a0<\/div><div class=\"elementToProof\">\u00a0Every piece of positive feedback I received motivated me to innovate and refine my recipes. It was a real pleasure to see the smiles on the faces of those who tasted my creations.<\/div><\/div>\t\t\t\t\t\t\t\t<\/div>\n\t\t\t\t<\/div>\n\t\t\t\t<div class=\"elementor-element elementor-element-59c9913 elementor-widget elementor-widget-image\" data-id=\"59c9913\" data-element_type=\"widget\" data-widget_type=\"image.default\">\n\t\t\t\t<div class=\"elementor-widget-container\">\n\t\t\t\t\t\t\t\t\t\t\t\t\t\t\t<img decoding=\"async\" width=\"400\" height=\"600\" data-src=\"https:\/\/a2biscuits.ca\/wp-content\/uploads\/2025\/03\/Annlys.jpg\" class=\"elementor-animation-wobble-horizontal attachment-large size-large wp-image-97 lazyload\" alt=\"\" data-srcset=\"https:\/\/a2biscuits.ca\/wp-content\/uploads\/2025\/03\/Annlys.jpg 400w, https:\/\/a2biscuits.ca\/wp-content\/uploads\/2025\/03\/Annlys-300x450.jpg 300w, https:\/\/a2biscuits.ca\/wp-content\/uploads\/2025\/03\/Annlys-200x300.jpg 200w\" data-sizes=\"(max-width: 400px) 100vw, 400px\" src=\"data:image\/svg+xml;base64,PHN2ZyB3aWR0aD0iMSIgaGVpZ2h0PSIxIiB4bWxucz0iaHR0cDovL3d3dy53My5vcmcvMjAwMC9zdmciPjwvc3ZnPg==\" style=\"--smush-placeholder-width: 400px; --smush-placeholder-aspect-ratio: 400\/600;\" \/>\t\t\t\t\t\t\t\t\t\t\t\t\t\t\t<\/div>\n\t\t\t\t<\/div>\n\t\t\t\t\t<\/div>\n\t\t\t\t<\/div>\n\t\t<div class=\"elementor-element elementor-element-39c7e8d e-flex e-con-boxed e-con e-parent\" data-id=\"39c7e8d\" data-element_type=\"container\" data-settings=\"{&quot;background_background&quot;:&quot;classic&quot;}\">\n\t\t\t\t\t<div class=\"e-con-inner\">\n\t\t\t\t<div class=\"elementor-element elementor-element-231c2f3 elementor-widget elementor-widget-heading\" data-id=\"231c2f3\" data-element_type=\"widget\" data-widget_type=\"heading.default\">\n\t\t\t\t<div class=\"elementor-widget-container\">\n\t\t\t\t\t<h2 class=\"elementor-heading-title elementor-size-default\">A Culinary Collaboration<\/h2>\t\t\t\t<\/div>\n\t\t\t\t<\/div>\n\t\t\t\t\t<\/div>\n\t\t\t\t<\/div>\n\t\t<div class=\"elementor-element elementor-element-1cf3a65 e-flex e-con-boxed e-con e-parent\" data-id=\"1cf3a65\" data-element_type=\"container\" data-settings=\"{&quot;background_background&quot;:&quot;classic&quot;}\">\n\t\t\t\t\t<div class=\"e-con-inner\">\n\t\t\t\t<div class=\"elementor-element elementor-element-5e57c96 elementor-widget elementor-widget-text-editor\" data-id=\"5e57c96\" data-element_type=\"widget\" data-widget_type=\"text-editor.default\">\n\t\t\t\t<div class=\"elementor-widget-container\">\n\t\t\t\t\t\t\t\t\t<h3>Our history<\/h3><div>What can I say about our story, other than that we\u2019ve been best friends for almost our entire lives\u2014that is, since we were two years old! We\u2019ve grown close to one another, forming an unbreakable bond that has stood the test of time. It was with surprise and wonder that we discovered, at the age of two\u2014when we were already friends\u2014that our mothers had also shared a friendship, having attended high school together in Haiti before losing touch. This beautiful reunion brought our two families together into one big family!<\/div><div>\u00a0<\/div><div>One day, while chatting, we realized we had a golden opportunity: to combine our talents by bringing together chocolate chip cookies and shortbread!\u00a0<\/div><div><p class=\"translation-block\">So we completed the training offered by <a href=\"https:\/\/www.mapaq.gouv.qc.ca\/fr\/Transformation\/Qualitedesaliments\/Hygienesalubrite\/Pages\/Hygienesalubrite.aspx\" target=\"_blank\" rel=\"noopener\" data-eventactiontitle=\"Open Anchor Link\">MAPAQ<\/a> to ensure that our practices comply with the standards.<\/p><\/div><div>We would like to express our deepest gratitude to everyone who supported us through GoFundMe. Thanks to your generosity and trust, we were able to raise the funds needed to launch our business. Your support has been much more than just a financial boost; it has been a true source of inspiration and motivation for us. Every contribution, every message of encouragement, has reminded us that we are not alone in this journey. We look forward to sharing our passion with you and showing you the results of your support.\u00a0<\/div><div>\u00a0<\/div><div>\u00a0<\/div>\t\t\t\t\t\t\t\t<\/div>\n\t\t\t\t<\/div>\n\t\t\t\t\t<\/div>\n\t\t\t\t<\/div>\n\t\t<div class=\"elementor-element elementor-element-16cefa0 e-grid e-con-boxed e-con e-parent\" data-id=\"16cefa0\" data-element_type=\"container\" data-settings=\"{&quot;background_background&quot;:&quot;classic&quot;}\">\n\t\t\t\t\t<div class=\"e-con-inner\">\n\t\t\t\t<div class=\"elementor-element elementor-element-d6f0ca9 elementor-widget elementor-widget-text-editor\" data-id=\"d6f0ca9\" data-element_type=\"widget\" data-widget_type=\"text-editor.default\">\n\t\t\t\t<div class=\"elementor-widget-container\">\n\t\t\t\t\t\t\t\t\t<div>Following Boileau\u2019s philosophy, we tackle challenges, refine our recipes, and build a business that embodies our passion.<\/div><div>\u00a0<\/div><div>Every cookie we make is a celebration of our history and determination. Join us on our adventure and taste the magic of our homemade cookies made with entirely organic ingredients!<\/div>\t\t\t\t\t\t\t\t<\/div>\n\t\t\t\t<\/div>\n\t\t\t\t<div class=\"elementor-element elementor-element-a44c582 elementor-blockquote--skin-quotation elementor-blockquote--align-center elementor-hidden-mobile elementor-blockquote--button-color-official elementor-widget elementor-widget-blockquote\" data-id=\"a44c582\" data-element_type=\"widget\" data-widget_type=\"blockquote.default\">\n\t\t\t\t<div class=\"elementor-widget-container\">\n\t\t\t\t\t\t\t<blockquote class=\"elementor-blockquote\">\n\t\t\t<p class=\"elementor-blockquote__content\">\n\t\t\t\tHurry slowly, and without losing heart, <br>\"Go back and do it over again twenty times.\"\n\t\t\t<\/p>\n\t\t\t\t\t\t\t<div class=\"e-q-footer\">\n\t\t\t\t\t\t\t\t\t\t\t<cite class=\"elementor-blockquote__author\">Boileau<\/cite>\n\t\t\t\t\t\t\t\t\t\t\t\t\t\t<\/div>\n\t\t\t\t\t<\/blockquote>\n\t\t\t\t\t\t<\/div>\n\t\t\t\t<\/div>\n\t\t\t\t\t<\/div>\n\t\t\t\t<\/div>\n\t\t<div class=\"elementor-element elementor-element-fd850d3 e-flex e-con-boxed e-con e-parent\" data-id=\"fd850d3\" data-element_type=\"container\" data-settings=\"{&quot;background_background&quot;:&quot;classic&quot;}\">\n\t\t\t\t\t<div class=\"e-con-inner\">\n\t\t\t\t<div class=\"elementor-element elementor-element-f610670 elementor-position-right elementor-vertical-align-middle elementor-widget__width-initial elementor-widget elementor-widget-image-box\" data-id=\"f610670\" data-element_type=\"widget\" data-widget_type=\"image-box.default\">\n\t\t\t\t<div class=\"elementor-widget-container\">\n\t\t\t\t\t<div class=\"elementor-image-box-wrapper\"><figure class=\"elementor-image-box-img\"><img decoding=\"async\" width=\"390\" height=\"300\" data-src=\"https:\/\/a2biscuits.ca\/wp-content\/uploads\/2025\/03\/a2-logo.png\" class=\"attachment-full size-full wp-image-272 lazyload\" alt=\"\" data-srcset=\"https:\/\/a2biscuits.ca\/wp-content\/uploads\/2025\/03\/a2-logo.png 390w, https:\/\/a2biscuits.ca\/wp-content\/uploads\/2025\/03\/a2-logo-300x231.png 300w\" data-sizes=\"(max-width: 390px) 100vw, 390px\" src=\"data:image\/svg+xml;base64,PHN2ZyB3aWR0aD0iMSIgaGVpZ2h0PSIxIiB4bWxucz0iaHR0cDovL3d3dy53My5vcmcvMjAwMC9zdmciPjwvc3ZnPg==\" style=\"--smush-placeholder-width: 390px; --smush-placeholder-aspect-ratio: 390\/300;\" \/><\/figure><div class=\"elementor-image-box-content\"><h3 class=\"elementor-image-box-title\">Our Logo<\/h3><p class=\"elementor-image-box-description\">A\u00b2 is pronounced \"A au carr\u00e9\" and symbolizes much more than just a design. It represents the union of our two first names, Aleksya and Anne Lys, and highlights how, together, our abilities are multiplied tenfold.\n\nEvery cookie we create is the result of our collaboration, our shared passion, and our commitment to offering the very best to our customers. Come discover our sweet world and let yourself be charmed by our artisanal creations!<\/p><\/div><\/div>\t\t\t\t<\/div>\n\t\t\t\t<\/div>\n\t\t\t\t\t<\/div>\n\t\t\t\t<\/div>\n\t\t<div class=\"elementor-element elementor-element-45a8430 e-con-full e-flex e-con e-parent\" data-id=\"45a8430\" data-element_type=\"container\" data-settings=\"{&quot;background_background&quot;:&quot;classic&quot;}\">\n\t\t<div class=\"elementor-element elementor-element-65dd793f e-con-full e-flex e-con e-child\" data-id=\"65dd793f\" data-element_type=\"container\">\n\t\t<div class=\"elementor-element elementor-element-6ac3668d e-con-full e-flex e-con e-child\" data-id=\"6ac3668d\" data-element_type=\"container\">\n\t\t\t\t<div class=\"elementor-element elementor-element-6c657b6b elementor-widget elementor-widget-heading\" data-id=\"6c657b6b\" data-element_type=\"widget\" data-widget_type=\"heading.default\">\n\t\t\t\t<div class=\"elementor-widget-container\">\n\t\t\t\t\t<h1 class=\"elementor-heading-title elementor-size-default\"><b>Order :<\/b><\/h1>\t\t\t\t<\/div>\n\t\t\t\t<\/div>\n\t\t\t\t<\/div>\n\t\t\t\t<\/div>\n\t\t\t\t<\/div>\n\t\t<div class=\"elementor-element elementor-element-3ebac428 e-grid e-con-boxed e-con e-parent\" data-id=\"3ebac428\" data-element_type=\"container\">\n\t\t\t\t\t<div class=\"e-con-inner\">\n\t\t\t\t<div class=\"elementor-element elementor-element-2a80859 elementor-flip-box--3d elementor-flip-box--effect-flip elementor-flip-box--direction-up elementor-widget elementor-widget-flip-box\" data-id=\"2a80859\" data-element_type=\"widget\" data-widget_type=\"flip-box.default\">\n\t\t\t\t<div class=\"elementor-widget-container\">\n\t\t\t\t\t\t\t<div class=\"elementor-flip-box\" tabindex=\"0\">\n\t\t\t<div class=\"elementor-flip-box__layer elementor-flip-box__front\">\n\t\t\t\t<div class=\"elementor-flip-box__layer__overlay\">\n\t\t\t\t\t<div class=\"elementor-flip-box__layer__inner\">\n\t\t\t\t\t\t\t\t\t\t\t\t\t<div class=\"elementor-flip-box__image\">\n\t\t\t\t\t\t\t\t<img decoding=\"async\" width=\"150\" height=\"150\" data-src=\"https:\/\/a2biscuits.ca\/wp-content\/uploads\/2025\/03\/sable-1-150x150.png\" class=\"attachment-thumbnail size-thumbnail wp-image-219 lazyload\" alt=\"\" data-srcset=\"https:\/\/a2biscuits.ca\/wp-content\/uploads\/2025\/03\/sable-1-150x150.png 150w, https:\/\/a2biscuits.ca\/wp-content\/uploads\/2025\/03\/sable-1-100x100.png 100w, https:\/\/a2biscuits.ca\/wp-content\/uploads\/2025\/03\/sable-1.png 300w\" data-sizes=\"(max-width: 150px) 100vw, 150px\" src=\"data:image\/svg+xml;base64,PHN2ZyB3aWR0aD0iMSIgaGVpZ2h0PSIxIiB4bWxucz0iaHR0cDovL3d3dy53My5vcmcvMjAwMC9zdmciPjwvc3ZnPg==\" style=\"--smush-placeholder-width: 150px; --smush-placeholder-aspect-ratio: 150\/150;\" \/>\t\t\t\t\t\t\t<\/div>\n\t\t\t\t\t\t\n\t\t\t\t\t\t\t\t\t\t\t\t\t<h3 class=\"elementor-flip-box__layer__title\">\n\t\t\t\t\t\t\t\tShortbread cookies\t\t\t\t\t\t\t<\/h3>\n\t\t\t\t\t\t\n\t\t\t\t\t\t\t\t\t\t\t\t\t<div class=\"elementor-flip-box__layer__description\">\n\t\t\t\t\t\t\t\t   \t\t\t\t\t\t\t<\/div>\n\t\t\t\t\t\t\t\t\t\t\t<\/div>\n\t\t\t\t<\/div>\n\t\t\t<\/div>\n\t\t\t<div class=\"elementor-flip-box__layer elementor-flip-box__back\">\n\t\t\t<div class=\"elementor-flip-box__layer__overlay\">\n\t\t\t\t<div class=\"elementor-flip-box__layer__inner\">\n\t\t\t\t\t\t\t\t\t\t\t<h3 class=\"elementor-flip-box__layer__title\">\n\t\t\t\t\t\t\tShortbread cookies are a classic <br>that everyone loves.\t\t\t\t\t\t<\/h3>\n\t\t\t\t\t\n\t\t\t\t\t\t\t\t\t\t\t<div class=\"elementor-flip-box__layer__description\">\n\t\t\t\t\t\t\tChoice of flavour : <br> <br>\nButter Shortbread<br>\nLemon shortbread<br>\nSalted Caramel Shortbread<br>\nMaple Shortbread\n \t\t\t\t\t\t<\/div>\n\t\t\t\t\t\n\t\t\t\t\t\t\t\t\t\t\t<a class=\"elementor-flip-box__button elementor-button elementor-size-sm\" href=\"https:\/\/a2biscuits.ca\/en\/product\/biscuits-sables\/\">\n\t\t\t\t\t\t\tOrder here\t\t\t\t\t\t<\/a>\n\t\t\t\t\t\t\t\t<\/div>\n\t\t<\/div>\n\t\t<\/div>\n\t\t<\/div>\n\t\t\t\t\t\t<\/div>\n\t\t\t\t<\/div>\n\t\t\t\t<div class=\"elementor-element elementor-element-54b0d9 elementor-flip-box--3d elementor-flip-box--effect-flip elementor-flip-box--direction-up elementor-widget elementor-widget-flip-box\" data-id=\"54b0d9\" data-element_type=\"widget\" data-widget_type=\"flip-box.default\">\n\t\t\t\t<div class=\"elementor-widget-container\">\n\t\t\t\t\t\t\t<div class=\"elementor-flip-box\" tabindex=\"0\">\n\t\t\t<div class=\"elementor-flip-box__layer elementor-flip-box__front\">\n\t\t\t\t<div class=\"elementor-flip-box__layer__overlay\">\n\t\t\t\t\t<div class=\"elementor-flip-box__layer__inner\">\n\t\t\t\t\t\t\t\t\t\t\t\t\t<div class=\"elementor-flip-box__image\">\n\t\t\t\t\t\t\t\t<img decoding=\"async\" width=\"150\" height=\"150\" data-src=\"https:\/\/a2biscuits.ca\/wp-content\/uploads\/2025\/03\/biscuit2-150x150.png\" class=\"attachment-thumbnail size-thumbnail wp-image-234 lazyload\" alt=\"\" data-srcset=\"https:\/\/a2biscuits.ca\/wp-content\/uploads\/2025\/03\/biscuit2-150x150.png 150w, https:\/\/a2biscuits.ca\/wp-content\/uploads\/2025\/03\/biscuit2-100x100.png 100w\" data-sizes=\"(max-width: 150px) 100vw, 150px\" src=\"data:image\/svg+xml;base64,PHN2ZyB3aWR0aD0iMSIgaGVpZ2h0PSIxIiB4bWxucz0iaHR0cDovL3d3dy53My5vcmcvMjAwMC9zdmciPjwvc3ZnPg==\" style=\"--smush-placeholder-width: 150px; --smush-placeholder-aspect-ratio: 150\/150;\" \/>\t\t\t\t\t\t\t<\/div>\n\t\t\t\t\t\t\n\t\t\t\t\t\t\t\t\t\t\t\t\t<h3 class=\"elementor-flip-box__layer__title\">\n\t\t\t\t\t\t\t\tChocolate Chip Cookies\t\t\t\t\t\t\t<\/h3>\n\t\t\t\t\t\t\n\t\t\t\t\t\t\t\t\t\t\t\t\t<div class=\"elementor-flip-box__layer__description\">\n\t\t\t\t\t\t\t\t   \t\t\t\t\t\t\t<\/div>\n\t\t\t\t\t\t\t\t\t\t\t<\/div>\n\t\t\t\t<\/div>\n\t\t\t<\/div>\n\t\t\t<div class=\"elementor-flip-box__layer elementor-flip-box__back\">\n\t\t\t<div class=\"elementor-flip-box__layer__overlay\">\n\t\t\t\t<div class=\"elementor-flip-box__layer__inner\">\n\t\t\t\t\t\t\t\t\t\t\t<h3 class=\"elementor-flip-box__layer__title\">\n\t\t\t\t\t\t\tA true delight for all chocolate lovers.\t\t\t\t\t\t<\/h3>\n\t\t\t\t\t\n\t\t\t\t\t\t\t\t\t\t\t<div class=\"elementor-flip-box__layer__description\">\n\t\t\t\t\t\t\t <br>Choice of flavour : <br> <br>\nDark Chocolate<br>\nMilk Chocolate<br>\nWhite Chocolate<br>\t\t\t\t\t\t<\/div>\n\t\t\t\t\t\n\t\t\t\t\t\t\t\t\t\t\t<a class=\"elementor-flip-box__button elementor-button elementor-size-sm\" href=\"https:\/\/a2biscuits.ca\/en\/product\/pepites-de-chocolat\/\">\n\t\t\t\t\t\t\tOrder here\t\t\t\t\t\t<\/a>\n\t\t\t\t\t\t\t\t<\/div>\n\t\t<\/div>\n\t\t<\/div>\n\t\t<\/div>\n\t\t\t\t\t\t<\/div>\n\t\t\t\t<\/div>\n\t\t\t\t\t<\/div>\n\t\t\t\t<\/div>\n\t\t\t\t<\/div>","protected":false},"excerpt":{"rendered":"<p>L&rsquo;histoire d&rsquo;Aleksya\u00a0 Tout a commenc\u00e9 pour moi, Aleksya, lorsque j&rsquo;ai v\u00e9cu un moment marquant lors d&rsquo;un devoir de biologie qui ne s&rsquo;est pas pass\u00e9 comme pr\u00e9vu en Secondaire 3. Apr\u00e8s avoir re\u00e7u une note d\u00e9cevante, j&rsquo;ai d\u00e9cid\u00e9 de ne pas me laisser abattre. Au lieu de rester sur cette note, j&rsquo;ai \u00e9crit \u00e0 mon professeur [&hellip;]<\/p>\n","protected":false},"author":1,"featured_media":0,"parent":0,"menu_order":0,"comment_status":"closed","ping_status":"closed","template":"elementor_canvas","meta":{"footnotes":""},"class_list":["post-255","page","type-page","status-publish","hentry"],"_links":{"self":[{"href":"https:\/\/a2biscuits.ca\/en\/wp-json\/wp\/v2\/pages\/255","targetHints":{"allow":["GET"]}}],"collection":[{"href":"https:\/\/a2biscuits.ca\/en\/wp-json\/wp\/v2\/pages"}],"about":[{"href":"https:\/\/a2biscuits.ca\/en\/wp-json\/wp\/v2\/types\/page"}],"author":[{"embeddable":true,"href":"https:\/\/a2biscuits.ca\/en\/wp-json\/wp\/v2\/users\/1"}],"replies":[{"embeddable":true,"href":"https:\/\/a2biscuits.ca\/en\/wp-json\/wp\/v2\/comments?post=255"}],"version-history":[{"count":97,"href":"https:\/\/a2biscuits.ca\/en\/wp-json\/wp\/v2\/pages\/255\/revisions"}],"predecessor-version":[{"id":572,"href":"https:\/\/a2biscuits.ca\/en\/wp-json\/wp\/v2\/pages\/255\/revisions\/572"}],"wp:attachment":[{"href":"https:\/\/a2biscuits.ca\/en\/wp-json\/wp\/v2\/media?parent=255"}],"curies":[{"name":"wp","href":"https:\/\/api.w.org\/{rel}","templated":true}]}}